{"id":2120,"date":"2018-07-17T09:19:41","date_gmt":"2018-07-17T07:19:41","guid":{"rendered":"http:\/\/www.bezirkmediasch.ro\/?page_id=2120"},"modified":"2021-01-31T21:01:43","modified_gmt":"2021-01-31T20:01:43","slug":"home","status":"publish","type":"page","link":"https:\/\/bezirkmediasch.ro\/ro\/","title":{"rendered":"Home"},"content":{"rendered":"<h4>Das Bezirkskonsistorium Mediasch\u200b<\/h4>\n<p>Das Evangelische Bezirkskonsistorium A.B. Mediasch, betreut 1.447 Seelen, die in 46 Gemeinden leben und wohnen. Die Landgemeinden werden von 3 Pfarrern betreut und es kommen lokal bis zu drei Gemeinden zum Gottesdienst \u00fcber einen Abholdienst zusammen. Der Betreuungsplan hat einen 3-Wochenzyklus f\u00fcr die gr\u00f6\u00dferen Gemeinden, einen 5-Wochenzyklus f\u00fcr kleinere Gemeinden und in den ganz kleinen Gemeinden, werden die Menschen zu Hause besucht oder haben ein Angebot von 1-3 Gottesdiensten im Jahr.<br \/>Von den 46 Gemeinden sind zwei eigenst\u00e4ndig: die Stadtgemeinde Mediasch mit rund 790 Seelen und die Gemeinde Birth\u00e4lm mit 88 Gemeindemitgliedern.<\/p>\n<blockquote class='with_quote_icon' style=''>\n<h5 class='blockquote-text' style=''>Unsere Aufgabenfeld ist vielschichtig, wobei die Betreuung und Sorge um die Gemeindemitglieder eine Zentrale Stellung inne hat.<\/h5>\n<\/blockquote>\n<p>Dazu kommt die Instandhaltung der Kirchenburgen und Baudenkm\u00e4ler, die inzwischen bedeutend zugenommen hat. Durch die fehlenden \u00f6ffentlichen Verkehrsverbindungen ist die Verbindung mit den Gemeindemitglieder sehr erschwert. Die Kuratoren jeder Gemeinde erfahren nicht mehr die tatkr\u00e4ftige Unterst\u00fctzung seitens der Gemeinde wegen \u00dcberalterung und Schrumpfung der Gemeinden.<\/p>","protected":false},"excerpt":{"rendered":"<p>Das Bezirkskonsistorium Mediasch\u200b Das Evangelische Bezirkskonsistorium A.B. Mediasch, betreut 1.447 Seelen, die in 46 Gemeinden<\/p>","protected":false},"author":1,"featured_media":0,"parent":0,"menu_order":0,"comment_status":"closed","ping_status":"closed","template":"","meta":{"footnotes":""},"class_list":["post-2120","page","type-page","status-publish","hentry"],"_links":{"self":[{"href":"https:\/\/bezirkmediasch.ro\/ro\/wp-json\/wp\/v2\/pages\/2120","targetHints":{"allow":["GET"]}}],"collection":[{"href":"https:\/\/bezirkmediasch.ro\/ro\/wp-json\/wp\/v2\/pages"}],"about":[{"href":"https:\/\/bezirkmediasch.ro\/ro\/wp-json\/wp\/v2\/types\/page"}],"author":[{"embeddable":true,"href":"https:\/\/bezirkmediasch.ro\/ro\/wp-json\/wp\/v2\/users\/1"}],"replies":[{"embeddable":true,"href":"https:\/\/bezirkmediasch.ro\/ro\/wp-json\/wp\/v2\/comments?post=2120"}],"version-history":[{"count":0,"href":"https:\/\/bezirkmediasch.ro\/ro\/wp-json\/wp\/v2\/pages\/2120\/revisions"}],"wp:attachment":[{"href":"https:\/\/bezirkmediasch.ro\/ro\/wp-json\/wp\/v2\/media?parent=2120"}],"curies":[{"name":"wp","href":"https:\/\/api.w.org\/{rel}","templated":true}]}}