{"id":15,"date":"2014-01-23T18:46:33","date_gmt":"2014-01-23T16:46:33","guid":{"rendered":"http:\/\/www.bezirkmediasch.ro\/cms\/?page_id=15"},"modified":"2014-01-23T18:46:33","modified_gmt":"2014-01-23T16:46:33","slug":"kirchengemeinden","status":"publish","type":"page","link":"https:\/\/bezirkmediasch.ro\/ro\/kirchengemeinden\/","title":{"rendered":"Kirchengemeinden"},"content":{"rendered":"<p>Almen \/ Alma Vii<br \/>\nAbtsdorf \/ \u0162apu<br \/>\nArbegen\/ Ag\u00e2rbiciu<br \/>\nBaassen \/ Bazna<br \/>\nBell \/ Buia<br \/>\nBirth\u00e4lm \/ Biertan<br \/>\nBogeschdorf \/ B\u0103gaciu<br \/>\nBonnesdorf \/ Boian<br \/>\nBussd \/ Buzd<br \/>\nDurles \/ D\u00e2rlos<br \/>\nEibesdorf \/ Ighi\u015ful Nou<br \/>\nElisabethstadt \/ Dumbr\u0103veni<br \/>\nEngenthal \/ Mighindoala<br \/>\nFrauendorf \/ Axente Sever<br \/>\nGro\u00dfkopisch \/ Cop\u015fa Mare<br \/>\nGro\u00dfprobstdorf \/ T\u00e2rnava<br \/>\nHetzeldorf \/ A\u0163el<br \/>\nKirtsch \/ Curciu<br \/>\nKleinblasendorf\/ Bl\u0103jel<br \/>\nKleinprobstdorf \/ T\u00e2rn\u0103vioara<br \/>\nKleinschelken\/\u015eeica Mic\u0103<br \/>\nLangenthal \/ Valea Lung\u0103 (AB)<br \/>\nMagarei \/ Peli\u015for<br \/>\nMardisch \/ Moardas<br \/>\nMarktschelken \/ \u015eeica Mare<br \/>\nMartinsdorf \/ Meti\u015f<br \/>\nMediasch \/ Media\u015f<br \/>\nMeschen \/ Mo\u015fna<br \/>\nMichelsdorf \/ Boarta<br \/>\nMortesdorf \/ Moti\u015f<br \/>\nNimesch \/ Nem\u015fa<br \/>\nPetersdorf \/ Peti\u015f<br \/>\nPretai \/ Bratei<br \/>\nPuschendorf \/ P\u0103ucea<br \/>\nReichesdorf \/ Richi\u015f<br \/>\nRosch \/ R\u0103v\u0103\u015fel<br \/>\nSkt. Martin \/ T\u00e2rn\u0103veni (MS)<br \/>\nSchaal \/ \u015eoala<br \/>\nScharosch \/ \u015earo\u015f pe T\u00e2rnave<br \/>\nSchlatt \/ Zlagna<br \/>\nSchmiegen \/ \u015emig<br \/>\nScholten \/ Cenade (AB)<br \/>\nSchorsten \/ \u015eoro\u015ftin<br \/>\nTobsdorf \/ Dupu\u015f<br \/>\nW\u00f6lz \/Vel\u021b<br \/>\nWurmloch \/ Valea Viilor<\/p>","protected":false},"excerpt":{"rendered":"<p>Almen \/ Alma Vii Abtsdorf \/ \u0162apu Arbegen\/ Ag\u00e2rbiciu Baassen \/ Bazna Bell \/ Buia<\/p>","protected":false},"author":1,"featured_media":0,"parent":0,"menu_order":0,"comment_status":"open","ping_status":"open","template":"","meta":{"footnotes":""},"class_list":["post-15","page","type-page","status-publish","hentry"],"_links":{"self":[{"href":"https:\/\/bezirkmediasch.ro\/ro\/wp-json\/wp\/v2\/pages\/15","targetHints":{"allow":["GET"]}}],"collection":[{"href":"https:\/\/bezirkmediasch.ro\/ro\/wp-json\/wp\/v2\/pages"}],"about":[{"href":"https:\/\/bezirkmediasch.ro\/ro\/wp-json\/wp\/v2\/types\/page"}],"author":[{"embeddable":true,"href":"https:\/\/bezirkmediasch.ro\/ro\/wp-json\/wp\/v2\/users\/1"}],"replies":[{"embeddable":true,"href":"https:\/\/bezirkmediasch.ro\/ro\/wp-json\/wp\/v2\/comments?post=15"}],"version-history":[{"count":0,"href":"https:\/\/bezirkmediasch.ro\/ro\/wp-json\/wp\/v2\/pages\/15\/revisions"}],"wp:attachment":[{"href":"https:\/\/bezirkmediasch.ro\/ro\/wp-json\/wp\/v2\/media?parent=15"}],"curies":[{"name":"wp","href":"https:\/\/api.w.org\/{rel}","templated":true}]}}